{"id":819,"date":"2023-05-08T14:49:34","date_gmt":"2023-05-08T14:49:34","guid":{"rendered":"https:\/\/gompar.com\/?page_id=819"},"modified":"2023-05-19T15:04:30","modified_gmt":"2023-05-19T15:04:30","slug":"defensa-maritima","status":"publish","type":"page","link":"https:\/\/gompar.com\/index.php\/productos\/defensa-maritima\/","title":{"rendered":"Defensa Mar\u00edtima"},"content":{"rendered":"\n<h2 class=\"wp-block-heading\">DEFENSA MARITIMA<\/h2>\n\n\n\n<h4 class=\"wp-block-heading\"><strong>Las defensas de goma marinas son cr\u00edticas para la absorci\u00f3n de energ\u00eda de un recipiente de atraque en la estructura de atraque. Un solo tanque puede tener m\u00e1s de 500 toneladas, por lo que la absorci\u00f3n segura de energ\u00eda en el peor de los casos es primordial. El trabajo principal de los guardabarros marinos es proteger la estructura de atraque sin da\u00f1ar el casco del barco para todos los tipos, tama\u00f1os y escenarios de aproximaci\u00f3n potenciales<\/strong><\/h4>\n\n\n\n<div class=\"wp-block-uagb-image alignleft uagb-block-bda0198a wp-block-uagb-image--layout-default wp-block-uagb-image--effect-static wp-block-uagb-image--align-left\"><figure class=\"wp-block-uagb-image__figure\"><img decoding=\"async\" srcset=\"https:\/\/gompar.com\/wp-content\/uploads\/2023\/05\/defensas-1.jpg \" sizes=\"auto, (max-width: 480px) 150px\" src=\"https:\/\/gompar.com\/wp-content\/uploads\/2023\/05\/defensas-1.jpg\" alt=\"\" class=\"uag-image-679\" width=\"613\" height=\"366\" title=\"\" loading=\"lazy\"\/><\/figure><\/div>\n\n\n\n<div class=\"wp-block-uagb-image uagb-block-9c6935a1 wp-block-uagb-image--layout-default wp-block-uagb-image--effect-static wp-block-uagb-image--align-none\"><figure class=\"wp-block-uagb-image__figure\"><img decoding=\"async\" srcset=\"https:\/\/gompar.com\/wp-content\/uploads\/2023\/05\/images-3.jpg \" sizes=\"auto, (max-width: 480px) 150px\" src=\"https:\/\/gompar.com\/wp-content\/uploads\/2023\/05\/images-3.jpg\" alt=\"\" class=\"uag-image-820\" width=\"315\" height=\"315\" title=\"\" loading=\"lazy\"\/><\/figure><\/div>\n\n\n\n<div class=\"wp-block-uagb-image uagb-block-8f2243c8 wp-block-uagb-image--layout-default wp-block-uagb-image--effect-static wp-block-uagb-image--align-none\"><figure class=\"wp-block-uagb-image__figure\"><img decoding=\"async\" srcset=\"https:\/\/gompar.com\/wp-content\/uploads\/2023\/05\/c7bdbfb7279928fd74652c09c2011177.png \" sizes=\"auto, (max-width: 480px) 150px\" src=\"https:\/\/gompar.com\/wp-content\/uploads\/2023\/05\/c7bdbfb7279928fd74652c09c2011177.png\" alt=\"\" class=\"uag-image-821\" width=\"260\" height=\"151\" title=\"\" loading=\"lazy\"\/><\/figure><\/div>\n","protected":false},"excerpt":{"rendered":"<p>DEFENSA MARITIMA Las defensas de goma marinas son cr\u00edticas para la absorci\u00f3n de energ\u00eda de un recipiente de atraque en la estructura de atraque. Un solo tanque puede tener m\u00e1s de 500 toneladas, por lo que la absorci\u00f3n segura de energ\u00eda en el peor de los casos es primordial. El trabajo principal de los guardabarros [&hellip;]<\/p>\n","protected":false},"author":1,"featured_media":0,"parent":496,"menu_order":5,"comment_status":"closed","ping_status":"closed","template":"","meta":{"_uag_custom_page_level_css":"","site-sidebar-layout":"default","site-content-layout":"","ast-site-content-layout":"","site-content-style":"default","site-sidebar-style":"default","ast-global-header-display":"","ast-banner-title-visibility":"","ast-main-header-display":"","ast-hfb-above-header-display":"","ast-hfb-below-header-display":"","ast-hfb-mobile-header-display":"","site-post-title":"disabled","ast-breadcrumbs-content":"","ast-featured-img":"","footer-sml-layout":"","theme-transparent-header-meta":"","adv-header-id-meta":"","stick-header-meta":"","header-above-stick-meta":"","header-main-stick-meta":"","header-below-stick-meta":"","astra-migrate-meta-layouts":"default","ast-page-background-enabled":"default","ast-page-background-meta":{"desktop":{"background-color":"","background-image":"","background-repeat":"repeat","background-position":"center center","background-size":"auto","background-attachment":"scroll","background-type":"","background-media":"","overlay-type":"","overlay-color":"","overlay-opacity":"","overlay-gradient":""},"tablet":{"background-color":"","background-image":"","background-repeat":"repeat","background-position":"center center","background-size":"auto","background-attachment":"scroll","background-type":"","background-media":"","overlay-type":"","overlay-color":"","overlay-opacity":"","overlay-gradient":""},"mobile":{"background-color":"","background-image":"","background-repeat":"repeat","background-position":"center center","background-size":"auto","background-attachment":"scroll","background-type":"","background-media":"","overlay-type":"","overlay-color":"","overlay-opacity":"","overlay-gradient":""}},"ast-content-background-meta":{"desktop":{"background-color":"var(--ast-global-color-5)","background-image":"","background-repeat":"repeat","background-position":"center center","background-size":"auto","background-attachment":"scroll","background-type":"","background-media":"","overlay-type":"","overlay-color":"","overlay-opacity":"","overlay-gradient":""},"tablet":{"background-color":"var(--ast-global-color-5)","background-image":"","background-repeat":"repeat","background-position":"center center","background-size":"auto","background-attachment":"scroll","background-type":"","background-media":"","overlay-type":"","overlay-color":"","overlay-opacity":"","overlay-gradient":""},"mobile":{"background-color":"var(--ast-global-color-5)","background-image":"","background-repeat":"repeat","background-position":"center center","background-size":"auto","background-attachment":"scroll","background-type":"","background-media":"","overlay-type":"","overlay-color":"","overlay-opacity":"","overlay-gradient":""}},"footnotes":""},"class_list":["post-819","page","type-page","status-publish","hentry"],"yoast_head":"<!-- This site is optimized with the Yoast SEO plugin v25.3.1 - https:\/\/yoast.com\/wordpress\/plugins\/seo\/ -->\n<title>Defensa Mar\u00edtima - Gompar E.A.S<\/title>\n<meta name=\"robots\" content=\"index, follow, max-snippet:-1, max-image-preview:large, max-video-preview:-1\" \/>\n<link rel=\"canonical\" href=\"https:\/\/gompar.com\/index.php\/productos\/defensa-maritima\/\" \/>\n<meta property=\"og:locale\" content=\"es_ES\" \/>\n<meta property=\"og:type\" content=\"article\" \/>\n<meta property=\"og:title\" content=\"Defensa Mar\u00edtima - Gompar E.A.S\" \/>\n<meta property=\"og:description\" content=\"DEFENSA MARITIMA Las defensas de goma marinas son cr\u00edticas para la absorci\u00f3n de energ\u00eda de un recipiente de atraque en la estructura de atraque. Un solo tanque puede tener m\u00e1s de 500 toneladas, por lo que la absorci\u00f3n segura de energ\u00eda en el peor de los casos es primordial. El trabajo principal de los guardabarros [&hellip;]\" \/>\n<meta property=\"og:url\" content=\"https:\/\/gompar.com\/index.php\/productos\/defensa-maritima\/\" \/>\n<meta property=\"og:site_name\" content=\"Gompar E.A.S\" \/>\n<meta property=\"article:modified_time\" content=\"2023-05-19T15:04:30+00:00\" \/>\n<meta property=\"og:image\" content=\"https:\/\/gompar.com\/wp-content\/uploads\/2023\/05\/defensas-1.jpg\" \/>\n<meta name=\"twitter:card\" content=\"summary_large_image\" \/>\n<script type=\"application\/ld+json\" class=\"yoast-schema-graph\">{\"@context\":\"https:\/\/schema.org\",\"@graph\":[{\"@type\":\"WebPage\",\"@id\":\"https:\/\/gompar.com\/index.php\/productos\/defensa-maritima\/\",\"url\":\"https:\/\/gompar.com\/index.php\/productos\/defensa-maritima\/\",\"name\":\"Defensa Mar\u00edtima - Gompar E.A.S\",\"isPartOf\":{\"@id\":\"https:\/\/gompar.com\/#website\"},\"primaryImageOfPage\":{\"@id\":\"https:\/\/gompar.com\/index.php\/productos\/defensa-maritima\/#primaryimage\"},\"image\":{\"@id\":\"https:\/\/gompar.com\/index.php\/productos\/defensa-maritima\/#primaryimage\"},\"thumbnailUrl\":\"https:\/\/gompar.com\/wp-content\/uploads\/2023\/05\/defensas-1.jpg\",\"datePublished\":\"2023-05-08T14:49:34+00:00\",\"dateModified\":\"2023-05-19T15:04:30+00:00\",\"breadcrumb\":{\"@id\":\"https:\/\/gompar.com\/index.php\/productos\/defensa-maritima\/#breadcrumb\"},\"inLanguage\":\"es\",\"potentialAction\":[{\"@type\":\"ReadAction\",\"target\":[\"https:\/\/gompar.com\/index.php\/productos\/defensa-maritima\/\"]}]},{\"@type\":\"ImageObject\",\"inLanguage\":\"es\",\"@id\":\"https:\/\/gompar.com\/index.php\/productos\/defensa-maritima\/#primaryimage\",\"url\":\"https:\/\/gompar.com\/wp-content\/uploads\/2023\/05\/defensas-1.jpg\",\"contentUrl\":\"https:\/\/gompar.com\/wp-content\/uploads\/2023\/05\/defensas-1.jpg\",\"width\":696,\"height\":494},{\"@type\":\"BreadcrumbList\",\"@id\":\"https:\/\/gompar.com\/index.php\/productos\/defensa-maritima\/#breadcrumb\",\"itemListElement\":[{\"@type\":\"ListItem\",\"position\":1,\"name\":\"Portada\",\"item\":\"https:\/\/gompar.com\/\"},{\"@type\":\"ListItem\",\"position\":2,\"name\":\"PRODUCTOS\",\"item\":\"https:\/\/gompar.com\/index.php\/productos\/\"},{\"@type\":\"ListItem\",\"position\":3,\"name\":\"Defensa Mar\u00edtima\"}]},{\"@type\":\"WebSite\",\"@id\":\"https:\/\/gompar.com\/#website\",\"url\":\"https:\/\/gompar.com\/\",\"name\":\"Gompar E.A.S\",\"description\":\"Proveedores de Materiales Industriales\",\"publisher\":{\"@id\":\"https:\/\/gompar.com\/#organization\"},\"potentialAction\":[{\"@type\":\"SearchAction\",\"target\":{\"@type\":\"EntryPoint\",\"urlTemplate\":\"https:\/\/gompar.com\/?s={search_term_string}\"},\"query-input\":{\"@type\":\"PropertyValueSpecification\",\"valueRequired\":true,\"valueName\":\"search_term_string\"}}],\"inLanguage\":\"es\"},{\"@type\":\"Organization\",\"@id\":\"https:\/\/gompar.com\/#organization\",\"name\":\"Gompar E.A.S\",\"url\":\"https:\/\/gompar.com\/\",\"logo\":{\"@type\":\"ImageObject\",\"inLanguage\":\"es\",\"@id\":\"https:\/\/gompar.com\/#\/schema\/logo\/image\/\",\"url\":\"https:\/\/gompar.com\/wp-content\/uploads\/2023\/04\/cropped-cropped-WhatsApp-Image-2023-04-18-at-5.01.55-PM-2.jpeg\",\"contentUrl\":\"https:\/\/gompar.com\/wp-content\/uploads\/2023\/04\/cropped-cropped-WhatsApp-Image-2023-04-18-at-5.01.55-PM-2.jpeg\",\"width\":1275,\"height\":423,\"caption\":\"Gompar E.A.S\"},\"image\":{\"@id\":\"https:\/\/gompar.com\/#\/schema\/logo\/image\/\"},\"sameAs\":[\"https:\/\/instagram.com\/gompar_eas\/\"]}]}<\/script>\n<!-- \/ Yoast SEO plugin. -->","yoast_head_json":{"title":"Defensa Mar\u00edtima - Gompar E.A.S","robots":{"index":"index","follow":"follow","max-snippet":"max-snippet:-1","max-image-preview":"max-image-preview:large","max-video-preview":"max-video-preview:-1"},"canonical":"https:\/\/gompar.com\/index.php\/productos\/defensa-maritima\/","og_locale":"es_ES","og_type":"article","og_title":"Defensa Mar\u00edtima - Gompar E.A.S","og_description":"DEFENSA MARITIMA Las defensas de goma marinas son cr\u00edticas para la absorci\u00f3n de energ\u00eda de un recipiente de atraque en la estructura de atraque. Un solo tanque puede tener m\u00e1s de 500 toneladas, por lo que la absorci\u00f3n segura de energ\u00eda en el peor de los casos es primordial. El trabajo principal de los guardabarros [&hellip;]","og_url":"https:\/\/gompar.com\/index.php\/productos\/defensa-maritima\/","og_site_name":"Gompar E.A.S","article_modified_time":"2023-05-19T15:04:30+00:00","og_image":[{"url":"https:\/\/gompar.com\/wp-content\/uploads\/2023\/05\/defensas-1.jpg","type":"","width":"","height":""}],"twitter_card":"summary_large_image","schema":{"@context":"https:\/\/schema.org","@graph":[{"@type":"WebPage","@id":"https:\/\/gompar.com\/index.php\/productos\/defensa-maritima\/","url":"https:\/\/gompar.com\/index.php\/productos\/defensa-maritima\/","name":"Defensa Mar\u00edtima - Gompar E.A.S","isPartOf":{"@id":"https:\/\/gompar.com\/#website"},"primaryImageOfPage":{"@id":"https:\/\/gompar.com\/index.php\/productos\/defensa-maritima\/#primaryimage"},"image":{"@id":"https:\/\/gompar.com\/index.php\/productos\/defensa-maritima\/#primaryimage"},"thumbnailUrl":"https:\/\/gompar.com\/wp-content\/uploads\/2023\/05\/defensas-1.jpg","datePublished":"2023-05-08T14:49:34+00:00","dateModified":"2023-05-19T15:04:30+00:00","breadcrumb":{"@id":"https:\/\/gompar.com\/index.php\/productos\/defensa-maritima\/#breadcrumb"},"inLanguage":"es","potentialAction":[{"@type":"ReadAction","target":["https:\/\/gompar.com\/index.php\/productos\/defensa-maritima\/"]}]},{"@type":"ImageObject","inLanguage":"es","@id":"https:\/\/gompar.com\/index.php\/productos\/defensa-maritima\/#primaryimage","url":"https:\/\/gompar.com\/wp-content\/uploads\/2023\/05\/defensas-1.jpg","contentUrl":"https:\/\/gompar.com\/wp-content\/uploads\/2023\/05\/defensas-1.jpg","width":696,"height":494},{"@type":"BreadcrumbList","@id":"https:\/\/gompar.com\/index.php\/productos\/defensa-maritima\/#breadcrumb","itemListElement":[{"@type":"ListItem","position":1,"name":"Portada","item":"https:\/\/gompar.com\/"},{"@type":"ListItem","position":2,"name":"PRODUCTOS","item":"https:\/\/gompar.com\/index.php\/productos\/"},{"@type":"ListItem","position":3,"name":"Defensa Mar\u00edtima"}]},{"@type":"WebSite","@id":"https:\/\/gompar.com\/#website","url":"https:\/\/gompar.com\/","name":"Gompar E.A.S","description":"Proveedores de Materiales Industriales","publisher":{"@id":"https:\/\/gompar.com\/#organization"},"potentialAction":[{"@type":"SearchAction","target":{"@type":"EntryPoint","urlTemplate":"https:\/\/gompar.com\/?s={search_term_string}"},"query-input":{"@type":"PropertyValueSpecification","valueRequired":true,"valueName":"search_term_string"}}],"inLanguage":"es"},{"@type":"Organization","@id":"https:\/\/gompar.com\/#organization","name":"Gompar E.A.S","url":"https:\/\/gompar.com\/","logo":{"@type":"ImageObject","inLanguage":"es","@id":"https:\/\/gompar.com\/#\/schema\/logo\/image\/","url":"https:\/\/gompar.com\/wp-content\/uploads\/2023\/04\/cropped-cropped-WhatsApp-Image-2023-04-18-at-5.01.55-PM-2.jpeg","contentUrl":"https:\/\/gompar.com\/wp-content\/uploads\/2023\/04\/cropped-cropped-WhatsApp-Image-2023-04-18-at-5.01.55-PM-2.jpeg","width":1275,"height":423,"caption":"Gompar E.A.S"},"image":{"@id":"https:\/\/gompar.com\/#\/schema\/logo\/image\/"},"sameAs":["https:\/\/instagram.com\/gompar_eas\/"]}]}},"uagb_featured_image_src":{"full":false,"thumbnail":false,"medium":false,"medium_large":false,"large":false,"1536x1536":false,"2048x2048":false},"uagb_author_info":{"display_name":"admin","author_link":"https:\/\/gompar.com\/index.php\/author\/admin_l7s9pw1m\/"},"uagb_comment_info":0,"uagb_excerpt":"DEFENSA MARITIMA Las defensas de goma marinas son cr\u00edticas para la absorci\u00f3n de energ\u00eda de un recipiente de atraque en la estructura de atraque. Un solo tanque puede tener m\u00e1s de 500 toneladas, por lo que la absorci\u00f3n segura de energ\u00eda en el peor de los casos es primordial. El trabajo principal de los guardabarros&hellip;","jetpack_sharing_enabled":true,"_links":{"self":[{"href":"https:\/\/gompar.com\/index.php\/wp-json\/wp\/v2\/pages\/819","targetHints":{"allow":["GET"]}}],"collection":[{"href":"https:\/\/gompar.com\/index.php\/wp-json\/wp\/v2\/pages"}],"about":[{"href":"https:\/\/gompar.com\/index.php\/wp-json\/wp\/v2\/types\/page"}],"author":[{"embeddable":true,"href":"https:\/\/gompar.com\/index.php\/wp-json\/wp\/v2\/users\/1"}],"replies":[{"embeddable":true,"href":"https:\/\/gompar.com\/index.php\/wp-json\/wp\/v2\/comments?post=819"}],"version-history":[{"count":4,"href":"https:\/\/gompar.com\/index.php\/wp-json\/wp\/v2\/pages\/819\/revisions"}],"predecessor-version":[{"id":951,"href":"https:\/\/gompar.com\/index.php\/wp-json\/wp\/v2\/pages\/819\/revisions\/951"}],"up":[{"embeddable":true,"href":"https:\/\/gompar.com\/index.php\/wp-json\/wp\/v2\/pages\/496"}],"wp:attachment":[{"href":"https:\/\/gompar.com\/index.php\/wp-json\/wp\/v2\/media?parent=819"}],"curies":[{"name":"wp","href":"https:\/\/api.w.org\/{rel}","templated":true}]}}