{"id":774,"date":"2023-05-05T20:59:30","date_gmt":"2023-05-05T20:59:30","guid":{"rendered":"https:\/\/gompar.com\/?page_id=774"},"modified":"2023-05-19T15:02:31","modified_gmt":"2023-05-19T15:02:31","slug":"cuna-tope-vehicular","status":"publish","type":"page","link":"https:\/\/gompar.com\/index.php\/productos\/cuna-tope-vehicular\/","title":{"rendered":"Cu\u00f1a Tope Vehicular"},"content":{"rendered":"\n<h2 class=\"wp-block-heading\">CU\u00d1A TOPE VEHICULAR<\/h2>\n\n\n\n<h4 class=\"wp-block-heading\"><strong>Las cu\u00f1as topes de Gompar est\u00e1n fabricadas del material SBR y sirven para inmovilizar todo tipo de veh\u00edculo para evitar accidentes por desplazamiento o derrape.<\/strong><\/h4>\n\n\n\n<figure class=\"wp-block-image aligncenter size-large is-resized\"><img loading=\"lazy\" decoding=\"async\" src=\"https:\/\/gompar.com\/wp-content\/uploads\/2023\/05\/WhatsApp-Image-2023-05-03-at-5.17.39-PM-1024x1024.jpeg\" alt=\"\" class=\"wp-image-677\" width=\"401\" height=\"401\" srcset=\"https:\/\/gompar.com\/wp-content\/uploads\/2023\/05\/WhatsApp-Image-2023-05-03-at-5.17.39-PM-1024x1024.jpeg 1024w, https:\/\/gompar.com\/wp-content\/uploads\/2023\/05\/WhatsApp-Image-2023-05-03-at-5.17.39-PM-300x300.jpeg 300w, https:\/\/gompar.com\/wp-content\/uploads\/2023\/05\/WhatsApp-Image-2023-05-03-at-5.17.39-PM-150x150.jpeg 150w, https:\/\/gompar.com\/wp-content\/uploads\/2023\/05\/WhatsApp-Image-2023-05-03-at-5.17.39-PM-768x768.jpeg 768w, https:\/\/gompar.com\/wp-content\/uploads\/2023\/05\/WhatsApp-Image-2023-05-03-at-5.17.39-PM.jpeg 1280w\" sizes=\"auto, (max-width: 401px) 100vw, 401px\" \/><\/figure>\n","protected":false},"excerpt":{"rendered":"<p>CU\u00d1A TOPE VEHICULAR Las cu\u00f1as topes de Gompar est\u00e1n fabricadas del material SBR y sirven para inmovilizar todo tipo de veh\u00edculo para evitar accidentes por desplazamiento o derrape.<\/p>\n","protected":false},"author":1,"featured_media":0,"parent":496,"menu_order":3,"comment_status":"closed","ping_status":"closed","template":"","meta":{"_uag_custom_page_level_css":"","site-sidebar-layout":"default","site-content-layout":"","ast-site-content-layout":"","site-content-style":"default","site-sidebar-style":"default","ast-global-header-display":"","ast-banner-title-visibility":"","ast-main-header-display":"","ast-hfb-above-header-display":"","ast-hfb-below-header-display":"","ast-hfb-mobile-header-display":"","site-post-title":"disabled","ast-breadcrumbs-content":"","ast-featured-img":"","footer-sml-layout":"","theme-transparent-header-meta":"","adv-header-id-meta":"","stick-header-meta":"","header-above-stick-meta":"","header-main-stick-meta":"","header-below-stick-meta":"","astra-migrate-meta-layouts":"default","ast-page-background-enabled":"default","ast-page-background-meta":{"desktop":{"background-color":"","background-image":"","background-repeat":"repeat","background-position":"center center","background-size":"auto","background-attachment":"scroll","background-type":"","background-media":"","overlay-type":"","overlay-color":"","overlay-opacity":"","overlay-gradient":""},"tablet":{"background-color":"","background-image":"","background-repeat":"repeat","background-position":"center center","background-size":"auto","background-attachment":"scroll","background-type":"","background-media":"","overlay-type":"","overlay-color":"","overlay-opacity":"","overlay-gradient":""},"mobile":{"background-color":"","background-image":"","background-repeat":"repeat","background-position":"center center","background-size":"auto","background-attachment":"scroll","background-type":"","background-media":"","overlay-type":"","overlay-color":"","overlay-opacity":"","overlay-gradient":""}},"ast-content-background-meta":{"desktop":{"background-color":"var(--ast-global-color-5)","background-image":"","background-repeat":"repeat","background-position":"center center","background-size":"auto","background-attachment":"scroll","background-type":"","background-media":"","overlay-type":"","overlay-color":"","overlay-opacity":"","overlay-gradient":""},"tablet":{"background-color":"var(--ast-global-color-5)","background-image":"","background-repeat":"repeat","background-position":"center center","background-size":"auto","background-attachment":"scroll","background-type":"","background-media":"","overlay-type":"","overlay-color":"","overlay-opacity":"","overlay-gradient":""},"mobile":{"background-color":"var(--ast-global-color-5)","background-image":"","background-repeat":"repeat","background-position":"center center","background-size":"auto","background-attachment":"scroll","background-type":"","background-media":"","overlay-type":"","overlay-color":"","overlay-opacity":"","overlay-gradient":""}},"footnotes":""},"class_list":["post-774","page","type-page","status-publish","hentry"],"yoast_head":"<!-- This site is optimized with the Yoast SEO plugin v25.3.1 - https:\/\/yoast.com\/wordpress\/plugins\/seo\/ -->\n<title>Cu\u00f1a Tope Vehicular - Gompar E.A.S<\/title>\n<meta name=\"robots\" content=\"index, follow, max-snippet:-1, max-image-preview:large, max-video-preview:-1\" \/>\n<link rel=\"canonical\" href=\"https:\/\/gompar.com\/index.php\/productos\/cuna-tope-vehicular\/\" \/>\n<meta property=\"og:locale\" content=\"es_ES\" \/>\n<meta property=\"og:type\" content=\"article\" \/>\n<meta property=\"og:title\" content=\"Cu\u00f1a Tope Vehicular - Gompar E.A.S\" \/>\n<meta property=\"og:description\" content=\"CU\u00d1A TOPE VEHICULAR Las cu\u00f1as topes de Gompar est\u00e1n fabricadas del material SBR y sirven para inmovilizar todo tipo de veh\u00edculo para evitar accidentes por desplazamiento o derrape.\" \/>\n<meta property=\"og:url\" content=\"https:\/\/gompar.com\/index.php\/productos\/cuna-tope-vehicular\/\" \/>\n<meta property=\"og:site_name\" content=\"Gompar E.A.S\" \/>\n<meta property=\"article:modified_time\" content=\"2023-05-19T15:02:31+00:00\" \/>\n<meta property=\"og:image\" content=\"https:\/\/gompar.com\/wp-content\/uploads\/2023\/05\/WhatsApp-Image-2023-05-03-at-5.17.39-PM.jpeg\" \/>\n\t<meta property=\"og:image:width\" content=\"1280\" \/>\n\t<meta property=\"og:image:height\" content=\"1280\" \/>\n\t<meta property=\"og:image:type\" content=\"image\/jpeg\" \/>\n<meta name=\"twitter:card\" content=\"summary_large_image\" \/>\n<script type=\"application\/ld+json\" class=\"yoast-schema-graph\">{\"@context\":\"https:\/\/schema.org\",\"@graph\":[{\"@type\":\"WebPage\",\"@id\":\"https:\/\/gompar.com\/index.php\/productos\/cuna-tope-vehicular\/\",\"url\":\"https:\/\/gompar.com\/index.php\/productos\/cuna-tope-vehicular\/\",\"name\":\"Cu\u00f1a Tope Vehicular - Gompar E.A.S\",\"isPartOf\":{\"@id\":\"https:\/\/gompar.com\/#website\"},\"primaryImageOfPage\":{\"@id\":\"https:\/\/gompar.com\/index.php\/productos\/cuna-tope-vehicular\/#primaryimage\"},\"image\":{\"@id\":\"https:\/\/gompar.com\/index.php\/productos\/cuna-tope-vehicular\/#primaryimage\"},\"thumbnailUrl\":\"https:\/\/gompar.com\/wp-content\/uploads\/2023\/05\/WhatsApp-Image-2023-05-03-at-5.17.39-PM-1024x1024.jpeg\",\"datePublished\":\"2023-05-05T20:59:30+00:00\",\"dateModified\":\"2023-05-19T15:02:31+00:00\",\"breadcrumb\":{\"@id\":\"https:\/\/gompar.com\/index.php\/productos\/cuna-tope-vehicular\/#breadcrumb\"},\"inLanguage\":\"es\",\"potentialAction\":[{\"@type\":\"ReadAction\",\"target\":[\"https:\/\/gompar.com\/index.php\/productos\/cuna-tope-vehicular\/\"]}]},{\"@type\":\"ImageObject\",\"inLanguage\":\"es\",\"@id\":\"https:\/\/gompar.com\/index.php\/productos\/cuna-tope-vehicular\/#primaryimage\",\"url\":\"https:\/\/gompar.com\/wp-content\/uploads\/2023\/05\/WhatsApp-Image-2023-05-03-at-5.17.39-PM.jpeg\",\"contentUrl\":\"https:\/\/gompar.com\/wp-content\/uploads\/2023\/05\/WhatsApp-Image-2023-05-03-at-5.17.39-PM.jpeg\",\"width\":1280,\"height\":1280},{\"@type\":\"BreadcrumbList\",\"@id\":\"https:\/\/gompar.com\/index.php\/productos\/cuna-tope-vehicular\/#breadcrumb\",\"itemListElement\":[{\"@type\":\"ListItem\",\"position\":1,\"name\":\"Portada\",\"item\":\"https:\/\/gompar.com\/\"},{\"@type\":\"ListItem\",\"position\":2,\"name\":\"PRODUCTOS\",\"item\":\"https:\/\/gompar.com\/index.php\/productos\/\"},{\"@type\":\"ListItem\",\"position\":3,\"name\":\"Cu\u00f1a Tope Vehicular\"}]},{\"@type\":\"WebSite\",\"@id\":\"https:\/\/gompar.com\/#website\",\"url\":\"https:\/\/gompar.com\/\",\"name\":\"Gompar E.A.S\",\"description\":\"Proveedores de Materiales Industriales\",\"publisher\":{\"@id\":\"https:\/\/gompar.com\/#organization\"},\"potentialAction\":[{\"@type\":\"SearchAction\",\"target\":{\"@type\":\"EntryPoint\",\"urlTemplate\":\"https:\/\/gompar.com\/?s={search_term_string}\"},\"query-input\":{\"@type\":\"PropertyValueSpecification\",\"valueRequired\":true,\"valueName\":\"search_term_string\"}}],\"inLanguage\":\"es\"},{\"@type\":\"Organization\",\"@id\":\"https:\/\/gompar.com\/#organization\",\"name\":\"Gompar E.A.S\",\"url\":\"https:\/\/gompar.com\/\",\"logo\":{\"@type\":\"ImageObject\",\"inLanguage\":\"es\",\"@id\":\"https:\/\/gompar.com\/#\/schema\/logo\/image\/\",\"url\":\"https:\/\/gompar.com\/wp-content\/uploads\/2023\/04\/cropped-cropped-WhatsApp-Image-2023-04-18-at-5.01.55-PM-2.jpeg\",\"contentUrl\":\"https:\/\/gompar.com\/wp-content\/uploads\/2023\/04\/cropped-cropped-WhatsApp-Image-2023-04-18-at-5.01.55-PM-2.jpeg\",\"width\":1275,\"height\":423,\"caption\":\"Gompar E.A.S\"},\"image\":{\"@id\":\"https:\/\/gompar.com\/#\/schema\/logo\/image\/\"},\"sameAs\":[\"https:\/\/instagram.com\/gompar_eas\/\"]}]}<\/script>\n<!-- \/ Yoast SEO plugin. -->","yoast_head_json":{"title":"Cu\u00f1a Tope Vehicular - Gompar E.A.S","robots":{"index":"index","follow":"follow","max-snippet":"max-snippet:-1","max-image-preview":"max-image-preview:large","max-video-preview":"max-video-preview:-1"},"canonical":"https:\/\/gompar.com\/index.php\/productos\/cuna-tope-vehicular\/","og_locale":"es_ES","og_type":"article","og_title":"Cu\u00f1a Tope Vehicular - Gompar E.A.S","og_description":"CU\u00d1A TOPE VEHICULAR Las cu\u00f1as topes de Gompar est\u00e1n fabricadas del material SBR y sirven para inmovilizar todo tipo de veh\u00edculo para evitar accidentes por desplazamiento o derrape.","og_url":"https:\/\/gompar.com\/index.php\/productos\/cuna-tope-vehicular\/","og_site_name":"Gompar E.A.S","article_modified_time":"2023-05-19T15:02:31+00:00","og_image":[{"width":1280,"height":1280,"url":"https:\/\/gompar.com\/wp-content\/uploads\/2023\/05\/WhatsApp-Image-2023-05-03-at-5.17.39-PM.jpeg","type":"image\/jpeg"}],"twitter_card":"summary_large_image","schema":{"@context":"https:\/\/schema.org","@graph":[{"@type":"WebPage","@id":"https:\/\/gompar.com\/index.php\/productos\/cuna-tope-vehicular\/","url":"https:\/\/gompar.com\/index.php\/productos\/cuna-tope-vehicular\/","name":"Cu\u00f1a Tope Vehicular - Gompar E.A.S","isPartOf":{"@id":"https:\/\/gompar.com\/#website"},"primaryImageOfPage":{"@id":"https:\/\/gompar.com\/index.php\/productos\/cuna-tope-vehicular\/#primaryimage"},"image":{"@id":"https:\/\/gompar.com\/index.php\/productos\/cuna-tope-vehicular\/#primaryimage"},"thumbnailUrl":"https:\/\/gompar.com\/wp-content\/uploads\/2023\/05\/WhatsApp-Image-2023-05-03-at-5.17.39-PM-1024x1024.jpeg","datePublished":"2023-05-05T20:59:30+00:00","dateModified":"2023-05-19T15:02:31+00:00","breadcrumb":{"@id":"https:\/\/gompar.com\/index.php\/productos\/cuna-tope-vehicular\/#breadcrumb"},"inLanguage":"es","potentialAction":[{"@type":"ReadAction","target":["https:\/\/gompar.com\/index.php\/productos\/cuna-tope-vehicular\/"]}]},{"@type":"ImageObject","inLanguage":"es","@id":"https:\/\/gompar.com\/index.php\/productos\/cuna-tope-vehicular\/#primaryimage","url":"https:\/\/gompar.com\/wp-content\/uploads\/2023\/05\/WhatsApp-Image-2023-05-03-at-5.17.39-PM.jpeg","contentUrl":"https:\/\/gompar.com\/wp-content\/uploads\/2023\/05\/WhatsApp-Image-2023-05-03-at-5.17.39-PM.jpeg","width":1280,"height":1280},{"@type":"BreadcrumbList","@id":"https:\/\/gompar.com\/index.php\/productos\/cuna-tope-vehicular\/#breadcrumb","itemListElement":[{"@type":"ListItem","position":1,"name":"Portada","item":"https:\/\/gompar.com\/"},{"@type":"ListItem","position":2,"name":"PRODUCTOS","item":"https:\/\/gompar.com\/index.php\/productos\/"},{"@type":"ListItem","position":3,"name":"Cu\u00f1a Tope Vehicular"}]},{"@type":"WebSite","@id":"https:\/\/gompar.com\/#website","url":"https:\/\/gompar.com\/","name":"Gompar E.A.S","description":"Proveedores de Materiales Industriales","publisher":{"@id":"https:\/\/gompar.com\/#organization"},"potentialAction":[{"@type":"SearchAction","target":{"@type":"EntryPoint","urlTemplate":"https:\/\/gompar.com\/?s={search_term_string}"},"query-input":{"@type":"PropertyValueSpecification","valueRequired":true,"valueName":"search_term_string"}}],"inLanguage":"es"},{"@type":"Organization","@id":"https:\/\/gompar.com\/#organization","name":"Gompar E.A.S","url":"https:\/\/gompar.com\/","logo":{"@type":"ImageObject","inLanguage":"es","@id":"https:\/\/gompar.com\/#\/schema\/logo\/image\/","url":"https:\/\/gompar.com\/wp-content\/uploads\/2023\/04\/cropped-cropped-WhatsApp-Image-2023-04-18-at-5.01.55-PM-2.jpeg","contentUrl":"https:\/\/gompar.com\/wp-content\/uploads\/2023\/04\/cropped-cropped-WhatsApp-Image-2023-04-18-at-5.01.55-PM-2.jpeg","width":1275,"height":423,"caption":"Gompar E.A.S"},"image":{"@id":"https:\/\/gompar.com\/#\/schema\/logo\/image\/"},"sameAs":["https:\/\/instagram.com\/gompar_eas\/"]}]}},"uagb_featured_image_src":{"full":false,"thumbnail":false,"medium":false,"medium_large":false,"large":false,"1536x1536":false,"2048x2048":false},"uagb_author_info":{"display_name":"admin","author_link":"https:\/\/gompar.com\/index.php\/author\/admin_l7s9pw1m\/"},"uagb_comment_info":0,"uagb_excerpt":"CU\u00d1A TOPE VEHICULAR Las cu\u00f1as topes de Gompar est\u00e1n fabricadas del material SBR y sirven para inmovilizar todo tipo de veh\u00edculo para evitar accidentes por desplazamiento o derrape.","jetpack_sharing_enabled":true,"_links":{"self":[{"href":"https:\/\/gompar.com\/index.php\/wp-json\/wp\/v2\/pages\/774","targetHints":{"allow":["GET"]}}],"collection":[{"href":"https:\/\/gompar.com\/index.php\/wp-json\/wp\/v2\/pages"}],"about":[{"href":"https:\/\/gompar.com\/index.php\/wp-json\/wp\/v2\/types\/page"}],"author":[{"embeddable":true,"href":"https:\/\/gompar.com\/index.php\/wp-json\/wp\/v2\/users\/1"}],"replies":[{"embeddable":true,"href":"https:\/\/gompar.com\/index.php\/wp-json\/wp\/v2\/comments?post=774"}],"version-history":[{"count":6,"href":"https:\/\/gompar.com\/index.php\/wp-json\/wp\/v2\/pages\/774\/revisions"}],"predecessor-version":[{"id":949,"href":"https:\/\/gompar.com\/index.php\/wp-json\/wp\/v2\/pages\/774\/revisions\/949"}],"up":[{"embeddable":true,"href":"https:\/\/gompar.com\/index.php\/wp-json\/wp\/v2\/pages\/496"}],"wp:attachment":[{"href":"https:\/\/gompar.com\/index.php\/wp-json\/wp\/v2\/media?parent=774"}],"curies":[{"name":"wp","href":"https:\/\/api.w.org\/{rel}","templated":true}]}}