{"id":641,"date":"2023-05-03T16:15:57","date_gmt":"2023-05-03T16:15:57","guid":{"rendered":"https:\/\/gompar.com\/?page_id=641"},"modified":"2023-05-08T16:14:26","modified_gmt":"2023-05-08T16:14:26","slug":"vision","status":"publish","type":"page","link":"https:\/\/gompar.com\/index.php\/inicio\/vision\/","title":{"rendered":"Vision"},"content":{"rendered":"\n<h2 class=\"wp-block-heading\">VISION<\/h2>\n\n\n\n<p class=\"has-text-align-center\"><strong>Tener presencia en todo el ramo industrial nacional y mantenernos en esa posici\u00f3n gracias a nuestras estrategias comerciales,&nbsp;que hagan con eso tangible a nuestros clientes y proveedores su rentabilidad y an\u00e1lisis de costo-beneficio, poniendo as\u00ed en pr\u00e1ctica una filosof\u00eda \u201cwin- win\u201d, donde comprador-proveedor, salgan ganando con unas condiciones muy favorables para ambos<\/strong>.<\/p>\n\n\n\n<div class=\"wp-block-uagb-image aligncenter uagb-block-d1381e37 wp-block-uagb-image--layout-default wp-block-uagb-image--effect-static wp-block-uagb-image--align-center\"><figure class=\"wp-block-uagb-image__figure\"><img decoding=\"async\" srcset=\"https:\/\/gompar.com\/wp-content\/uploads\/2023\/05\/WhatsApp-Image-2023-05-03-at-12.14.37-PM.jpeg \" sizes=\"auto, (max-width: 480px) 150px\" src=\"https:\/\/gompar.com\/wp-content\/uploads\/2023\/05\/WhatsApp-Image-2023-05-03-at-12.14.37-PM.jpeg\" alt=\"\" class=\"uag-image-643\" width=\"600\" height=\"600\" title=\"\" loading=\"lazy\"\/><\/figure><\/div>\n","protected":false},"excerpt":{"rendered":"<p>VISION Tener presencia en todo el ramo industrial nacional y mantenernos en esa posici\u00f3n gracias a nuestras estrategias comerciales,&nbsp;que hagan con eso tangible a nuestros clientes y proveedores su rentabilidad y an\u00e1lisis de costo-beneficio, poniendo as\u00ed en pr\u00e1ctica una filosof\u00eda \u201cwin- win\u201d, donde comprador-proveedor, salgan ganando con unas condiciones muy favorables para ambos.<\/p>\n","protected":false},"author":1,"featured_media":0,"parent":494,"menu_order":3,"comment_status":"closed","ping_status":"closed","template":"","meta":{"_uag_custom_page_level_css":"","site-sidebar-layout":"default","site-content-layout":"","ast-site-content-layout":"","site-content-style":"default","site-sidebar-style":"default","ast-global-header-display":"","ast-banner-title-visibility":"","ast-main-header-display":"","ast-hfb-above-header-display":"","ast-hfb-below-header-display":"","ast-hfb-mobile-header-display":"","site-post-title":"disabled","ast-breadcrumbs-content":"","ast-featured-img":"","footer-sml-layout":"","theme-transparent-header-meta":"","adv-header-id-meta":"","stick-header-meta":"","header-above-stick-meta":"","header-main-stick-meta":"","header-below-stick-meta":"","astra-migrate-meta-layouts":"default","ast-page-background-enabled":"default","ast-page-background-meta":{"desktop":{"background-color":"","background-image":"","background-repeat":"repeat","background-position":"center center","background-size":"auto","background-attachment":"scroll","background-type":"","background-media":"","overlay-type":"","overlay-color":"","overlay-opacity":"","overlay-gradient":""},"tablet":{"background-color":"","background-image":"","background-repeat":"repeat","background-position":"center center","background-size":"auto","background-attachment":"scroll","background-type":"","background-media":"","overlay-type":"","overlay-color":"","overlay-opacity":"","overlay-gradient":""},"mobile":{"background-color":"","background-image":"","background-repeat":"repeat","background-position":"center center","background-size":"auto","background-attachment":"scroll","background-type":"","background-media":"","overlay-type":"","overlay-color":"","overlay-opacity":"","overlay-gradient":""}},"ast-content-background-meta":{"desktop":{"background-color":"var(--ast-global-color-5)","background-image":"","background-repeat":"repeat","background-position":"center center","background-size":"auto","background-attachment":"scroll","background-type":"","background-media":"","overlay-type":"","overlay-color":"","overlay-opacity":"","overlay-gradient":""},"tablet":{"background-color":"var(--ast-global-color-5)","background-image":"","background-repeat":"repeat","background-position":"center center","background-size":"auto","background-attachment":"scroll","background-type":"","background-media":"","overlay-type":"","overlay-color":"","overlay-opacity":"","overlay-gradient":""},"mobile":{"background-color":"var(--ast-global-color-5)","background-image":"","background-repeat":"repeat","background-position":"center center","background-size":"auto","background-attachment":"scroll","background-type":"","background-media":"","overlay-type":"","overlay-color":"","overlay-opacity":"","overlay-gradient":""}},"footnotes":""},"class_list":["post-641","page","type-page","status-publish","hentry"],"yoast_head":"<!-- This site is optimized with the Yoast SEO plugin v25.3.1 - https:\/\/yoast.com\/wordpress\/plugins\/seo\/ -->\n<title>Vision - Gompar E.A.S<\/title>\n<meta name=\"robots\" content=\"index, follow, max-snippet:-1, max-image-preview:large, max-video-preview:-1\" \/>\n<link rel=\"canonical\" href=\"https:\/\/gompar.com\/index.php\/inicio\/vision\/\" \/>\n<meta property=\"og:locale\" content=\"es_ES\" \/>\n<meta property=\"og:type\" content=\"article\" \/>\n<meta property=\"og:title\" content=\"Vision - Gompar E.A.S\" \/>\n<meta property=\"og:description\" content=\"VISION Tener presencia en todo el ramo industrial nacional y mantenernos en esa posici\u00f3n gracias a nuestras estrategias comerciales,&nbsp;que hagan con eso tangible a nuestros clientes y proveedores su rentabilidad y an\u00e1lisis de costo-beneficio, poniendo as\u00ed en pr\u00e1ctica una filosof\u00eda \u201cwin- win\u201d, donde comprador-proveedor, salgan ganando con unas condiciones muy favorables para ambos.\" \/>\n<meta property=\"og:url\" content=\"https:\/\/gompar.com\/index.php\/inicio\/vision\/\" \/>\n<meta property=\"og:site_name\" content=\"Gompar E.A.S\" \/>\n<meta property=\"article:modified_time\" content=\"2023-05-08T16:14:26+00:00\" \/>\n<meta property=\"og:image\" content=\"https:\/\/gompar.com\/wp-content\/uploads\/2023\/05\/WhatsApp-Image-2023-05-03-at-12.14.37-PM.jpeg\" \/>\n<meta name=\"twitter:card\" content=\"summary_large_image\" \/>\n<script type=\"application\/ld+json\" class=\"yoast-schema-graph\">{\"@context\":\"https:\/\/schema.org\",\"@graph\":[{\"@type\":\"WebPage\",\"@id\":\"https:\/\/gompar.com\/index.php\/inicio\/vision\/\",\"url\":\"https:\/\/gompar.com\/index.php\/inicio\/vision\/\",\"name\":\"Vision - Gompar E.A.S\",\"isPartOf\":{\"@id\":\"https:\/\/gompar.com\/#website\"},\"primaryImageOfPage\":{\"@id\":\"https:\/\/gompar.com\/index.php\/inicio\/vision\/#primaryimage\"},\"image\":{\"@id\":\"https:\/\/gompar.com\/index.php\/inicio\/vision\/#primaryimage\"},\"thumbnailUrl\":\"https:\/\/gompar.com\/wp-content\/uploads\/2023\/05\/WhatsApp-Image-2023-05-03-at-12.14.37-PM.jpeg\",\"datePublished\":\"2023-05-03T16:15:57+00:00\",\"dateModified\":\"2023-05-08T16:14:26+00:00\",\"breadcrumb\":{\"@id\":\"https:\/\/gompar.com\/index.php\/inicio\/vision\/#breadcrumb\"},\"inLanguage\":\"es\",\"potentialAction\":[{\"@type\":\"ReadAction\",\"target\":[\"https:\/\/gompar.com\/index.php\/inicio\/vision\/\"]}]},{\"@type\":\"ImageObject\",\"inLanguage\":\"es\",\"@id\":\"https:\/\/gompar.com\/index.php\/inicio\/vision\/#primaryimage\",\"url\":\"https:\/\/gompar.com\/wp-content\/uploads\/2023\/05\/WhatsApp-Image-2023-05-03-at-12.14.37-PM.jpeg\",\"contentUrl\":\"https:\/\/gompar.com\/wp-content\/uploads\/2023\/05\/WhatsApp-Image-2023-05-03-at-12.14.37-PM.jpeg\",\"width\":600,\"height\":600},{\"@type\":\"BreadcrumbList\",\"@id\":\"https:\/\/gompar.com\/index.php\/inicio\/vision\/#breadcrumb\",\"itemListElement\":[{\"@type\":\"ListItem\",\"position\":1,\"name\":\"Portada\",\"item\":\"https:\/\/gompar.com\/\"},{\"@type\":\"ListItem\",\"position\":2,\"name\":\"INICIO\",\"item\":\"https:\/\/gompar.com\/\"},{\"@type\":\"ListItem\",\"position\":3,\"name\":\"Vision\"}]},{\"@type\":\"WebSite\",\"@id\":\"https:\/\/gompar.com\/#website\",\"url\":\"https:\/\/gompar.com\/\",\"name\":\"Gompar E.A.S\",\"description\":\"Proveedores de Materiales Industriales\",\"publisher\":{\"@id\":\"https:\/\/gompar.com\/#organization\"},\"potentialAction\":[{\"@type\":\"SearchAction\",\"target\":{\"@type\":\"EntryPoint\",\"urlTemplate\":\"https:\/\/gompar.com\/?s={search_term_string}\"},\"query-input\":{\"@type\":\"PropertyValueSpecification\",\"valueRequired\":true,\"valueName\":\"search_term_string\"}}],\"inLanguage\":\"es\"},{\"@type\":\"Organization\",\"@id\":\"https:\/\/gompar.com\/#organization\",\"name\":\"Gompar E.A.S\",\"url\":\"https:\/\/gompar.com\/\",\"logo\":{\"@type\":\"ImageObject\",\"inLanguage\":\"es\",\"@id\":\"https:\/\/gompar.com\/#\/schema\/logo\/image\/\",\"url\":\"https:\/\/gompar.com\/wp-content\/uploads\/2023\/04\/cropped-cropped-WhatsApp-Image-2023-04-18-at-5.01.55-PM-2.jpeg\",\"contentUrl\":\"https:\/\/gompar.com\/wp-content\/uploads\/2023\/04\/cropped-cropped-WhatsApp-Image-2023-04-18-at-5.01.55-PM-2.jpeg\",\"width\":1275,\"height\":423,\"caption\":\"Gompar E.A.S\"},\"image\":{\"@id\":\"https:\/\/gompar.com\/#\/schema\/logo\/image\/\"},\"sameAs\":[\"https:\/\/instagram.com\/gompar_eas\/\"]}]}<\/script>\n<!-- \/ Yoast SEO plugin. -->","yoast_head_json":{"title":"Vision - Gompar E.A.S","robots":{"index":"index","follow":"follow","max-snippet":"max-snippet:-1","max-image-preview":"max-image-preview:large","max-video-preview":"max-video-preview:-1"},"canonical":"https:\/\/gompar.com\/index.php\/inicio\/vision\/","og_locale":"es_ES","og_type":"article","og_title":"Vision - Gompar E.A.S","og_description":"VISION Tener presencia en todo el ramo industrial nacional y mantenernos en esa posici\u00f3n gracias a nuestras estrategias comerciales,&nbsp;que hagan con eso tangible a nuestros clientes y proveedores su rentabilidad y an\u00e1lisis de costo-beneficio, poniendo as\u00ed en pr\u00e1ctica una filosof\u00eda \u201cwin- win\u201d, donde comprador-proveedor, salgan ganando con unas condiciones muy favorables para ambos.","og_url":"https:\/\/gompar.com\/index.php\/inicio\/vision\/","og_site_name":"Gompar E.A.S","article_modified_time":"2023-05-08T16:14:26+00:00","og_image":[{"url":"https:\/\/gompar.com\/wp-content\/uploads\/2023\/05\/WhatsApp-Image-2023-05-03-at-12.14.37-PM.jpeg","type":"","width":"","height":""}],"twitter_card":"summary_large_image","schema":{"@context":"https:\/\/schema.org","@graph":[{"@type":"WebPage","@id":"https:\/\/gompar.com\/index.php\/inicio\/vision\/","url":"https:\/\/gompar.com\/index.php\/inicio\/vision\/","name":"Vision - Gompar E.A.S","isPartOf":{"@id":"https:\/\/gompar.com\/#website"},"primaryImageOfPage":{"@id":"https:\/\/gompar.com\/index.php\/inicio\/vision\/#primaryimage"},"image":{"@id":"https:\/\/gompar.com\/index.php\/inicio\/vision\/#primaryimage"},"thumbnailUrl":"https:\/\/gompar.com\/wp-content\/uploads\/2023\/05\/WhatsApp-Image-2023-05-03-at-12.14.37-PM.jpeg","datePublished":"2023-05-03T16:15:57+00:00","dateModified":"2023-05-08T16:14:26+00:00","breadcrumb":{"@id":"https:\/\/gompar.com\/index.php\/inicio\/vision\/#breadcrumb"},"inLanguage":"es","potentialAction":[{"@type":"ReadAction","target":["https:\/\/gompar.com\/index.php\/inicio\/vision\/"]}]},{"@type":"ImageObject","inLanguage":"es","@id":"https:\/\/gompar.com\/index.php\/inicio\/vision\/#primaryimage","url":"https:\/\/gompar.com\/wp-content\/uploads\/2023\/05\/WhatsApp-Image-2023-05-03-at-12.14.37-PM.jpeg","contentUrl":"https:\/\/gompar.com\/wp-content\/uploads\/2023\/05\/WhatsApp-Image-2023-05-03-at-12.14.37-PM.jpeg","width":600,"height":600},{"@type":"BreadcrumbList","@id":"https:\/\/gompar.com\/index.php\/inicio\/vision\/#breadcrumb","itemListElement":[{"@type":"ListItem","position":1,"name":"Portada","item":"https:\/\/gompar.com\/"},{"@type":"ListItem","position":2,"name":"INICIO","item":"https:\/\/gompar.com\/"},{"@type":"ListItem","position":3,"name":"Vision"}]},{"@type":"WebSite","@id":"https:\/\/gompar.com\/#website","url":"https:\/\/gompar.com\/","name":"Gompar E.A.S","description":"Proveedores de Materiales Industriales","publisher":{"@id":"https:\/\/gompar.com\/#organization"},"potentialAction":[{"@type":"SearchAction","target":{"@type":"EntryPoint","urlTemplate":"https:\/\/gompar.com\/?s={search_term_string}"},"query-input":{"@type":"PropertyValueSpecification","valueRequired":true,"valueName":"search_term_string"}}],"inLanguage":"es"},{"@type":"Organization","@id":"https:\/\/gompar.com\/#organization","name":"Gompar E.A.S","url":"https:\/\/gompar.com\/","logo":{"@type":"ImageObject","inLanguage":"es","@id":"https:\/\/gompar.com\/#\/schema\/logo\/image\/","url":"https:\/\/gompar.com\/wp-content\/uploads\/2023\/04\/cropped-cropped-WhatsApp-Image-2023-04-18-at-5.01.55-PM-2.jpeg","contentUrl":"https:\/\/gompar.com\/wp-content\/uploads\/2023\/04\/cropped-cropped-WhatsApp-Image-2023-04-18-at-5.01.55-PM-2.jpeg","width":1275,"height":423,"caption":"Gompar E.A.S"},"image":{"@id":"https:\/\/gompar.com\/#\/schema\/logo\/image\/"},"sameAs":["https:\/\/instagram.com\/gompar_eas\/"]}]}},"uagb_featured_image_src":{"full":false,"thumbnail":false,"medium":false,"medium_large":false,"large":false,"1536x1536":false,"2048x2048":false},"uagb_author_info":{"display_name":"admin","author_link":"https:\/\/gompar.com\/index.php\/author\/admin_l7s9pw1m\/"},"uagb_comment_info":0,"uagb_excerpt":"VISION Tener presencia en todo el ramo industrial nacional y mantenernos en esa posici\u00f3n gracias a nuestras estrategias comerciales,&nbsp;que hagan con eso tangible a nuestros clientes y proveedores su rentabilidad y an\u00e1lisis de costo-beneficio, poniendo as\u00ed en pr\u00e1ctica una filosof\u00eda \u201cwin- win\u201d, donde comprador-proveedor, salgan ganando con unas condiciones muy favorables para ambos.","jetpack_sharing_enabled":true,"_links":{"self":[{"href":"https:\/\/gompar.com\/index.php\/wp-json\/wp\/v2\/pages\/641","targetHints":{"allow":["GET"]}}],"collection":[{"href":"https:\/\/gompar.com\/index.php\/wp-json\/wp\/v2\/pages"}],"about":[{"href":"https:\/\/gompar.com\/index.php\/wp-json\/wp\/v2\/types\/page"}],"author":[{"embeddable":true,"href":"https:\/\/gompar.com\/index.php\/wp-json\/wp\/v2\/users\/1"}],"replies":[{"embeddable":true,"href":"https:\/\/gompar.com\/index.php\/wp-json\/wp\/v2\/comments?post=641"}],"version-history":[{"count":3,"href":"https:\/\/gompar.com\/index.php\/wp-json\/wp\/v2\/pages\/641\/revisions"}],"predecessor-version":[{"id":856,"href":"https:\/\/gompar.com\/index.php\/wp-json\/wp\/v2\/pages\/641\/revisions\/856"}],"up":[{"embeddable":true,"href":"https:\/\/gompar.com\/index.php\/wp-json\/wp\/v2\/pages\/494"}],"wp:attachment":[{"href":"https:\/\/gompar.com\/index.php\/wp-json\/wp\/v2\/media?parent=641"}],"curies":[{"name":"wp","href":"https:\/\/api.w.org\/{rel}","templated":true}]}}